{"id":7314,"date":"2023-05-10T04:54:27","date_gmt":"2023-05-10T04:54:27","guid":{"rendered":"https:\/\/atlas-pma.com\/?post_type=product&#038;p=7314"},"modified":"2024-06-05T16:36:23","modified_gmt":"2024-06-05T16:36:23","slug":"panama-fundacion-honorarios-por-asesoria-de-cuenta-bancaria-opcional","status":"publish","type":"product","link":"https:\/\/atlas-pma.com\/es\/shop-2\/corporations-es\/panama-fundacion-honorarios-por-asesoria-de-cuenta-bancaria-opcional\/","title":{"rendered":"Panam\u00e1 Fundaci\u00f3n &#8211; Honorarios por Asesor\u00eda de Cuenta Bancaria (opcional)"},"content":{"rendered":"","protected":false},"excerpt":{"rendered":"","protected":false},"featured_media":7317,"template":"","meta":{"_mi_skip_tracking":false,"_monsterinsights_sitenote_active":false,"_monsterinsights_sitenote_note":"","_monsterinsights_sitenote_category":0},"product_cat":[153],"product_tag":[],"class_list":["post-7314","product","type-product","status-publish","has-post-thumbnail","hentry","product_cat-corporations-es"],"aioseo_notices":[],"_links":{"self":[{"href":"https:\/\/atlas-pma.com\/es\/wp-json\/wp\/v2\/product\/7314","targetHints":{"allow":["GET"]}}],"collection":[{"href":"https:\/\/atlas-pma.com\/es\/wp-json\/wp\/v2\/product"}],"about":[{"href":"https:\/\/atlas-pma.com\/es\/wp-json\/wp\/v2\/types\/product"}],"wp:featuredmedia":[{"embeddable":true,"href":"https:\/\/atlas-pma.com\/es\/wp-json\/wp\/v2\/media\/7317"}],"wp:attachment":[{"href":"https:\/\/atlas-pma.com\/es\/wp-json\/wp\/v2\/media?parent=7314"}],"wp:term":[{"taxonomy":"product_cat","embeddable":true,"href":"https:\/\/atlas-pma.com\/es\/wp-json\/wp\/v2\/product_cat?post=7314"},{"taxonomy":"product_tag","embeddable":true,"href":"https:\/\/atlas-pma.com\/es\/wp-json\/wp\/v2\/product_tag?post=7314"}],"curies":[{"name":"wp","href":"https:\/\/api.w.org\/{rel}","templated":true}]}}