{"id":7245,"date":"2023-05-10T03:30:54","date_gmt":"2023-05-10T03:30:54","guid":{"rendered":"https:\/\/atlas-pma.com\/?post_type=product&#038;p=7245"},"modified":"2024-06-05T16:28:59","modified_gmt":"2024-06-05T16:28:59","slug":"panama-declaracion-de-fideicomiso-tarifa-unica-seleccione-solo-una-vez-si-elige-accionista-nomino-opcional","status":"publish","type":"product","link":"https:\/\/atlas-pma.com\/es\/shop-2\/corporations-es\/panama-declaracion-de-fideicomiso-tarifa-unica-seleccione-solo-una-vez-si-elige-accionista-nomino-opcional\/","title":{"rendered":"Panam\u00e1 Declaraci\u00f3n de Fideicomiso (Tarifa \u00fanica: seleccione solo una vez si elige accionista n\u00f3mino) (opcional)"},"content":{"rendered":"","protected":false},"excerpt":{"rendered":"","protected":false},"featured_media":7247,"template":"","meta":{"_mi_skip_tracking":false,"_monsterinsights_sitenote_active":false,"_monsterinsights_sitenote_note":"","_monsterinsights_sitenote_category":0},"product_cat":[153],"product_tag":[],"class_list":["post-7245","product","type-product","status-publish","has-post-thumbnail","hentry","product_cat-corporations-es"],"aioseo_notices":[],"_links":{"self":[{"href":"https:\/\/atlas-pma.com\/es\/wp-json\/wp\/v2\/product\/7245","targetHints":{"allow":["GET"]}}],"collection":[{"href":"https:\/\/atlas-pma.com\/es\/wp-json\/wp\/v2\/product"}],"about":[{"href":"https:\/\/atlas-pma.com\/es\/wp-json\/wp\/v2\/types\/product"}],"wp:featuredmedia":[{"embeddable":true,"href":"https:\/\/atlas-pma.com\/es\/wp-json\/wp\/v2\/media\/7247"}],"wp:attachment":[{"href":"https:\/\/atlas-pma.com\/es\/wp-json\/wp\/v2\/media?parent=7245"}],"wp:term":[{"taxonomy":"product_cat","embeddable":true,"href":"https:\/\/atlas-pma.com\/es\/wp-json\/wp\/v2\/product_cat?post=7245"},{"taxonomy":"product_tag","embeddable":true,"href":"https:\/\/atlas-pma.com\/es\/wp-json\/wp\/v2\/product_tag?post=7245"}],"curies":[{"name":"wp","href":"https:\/\/api.w.org\/{rel}","templated":true}]}}