{"id":7045,"date":"2023-05-08T04:14:10","date_gmt":"2023-05-08T04:14:10","guid":{"rendered":"https:\/\/atlas-pma.com\/?post_type=product&#038;p=7045"},"modified":"2024-06-05T16:02:12","modified_gmt":"2024-06-05T16:02:12","slug":"delaware-declaracion-de-fideicomiso-tarifa-unica-seleccione-solo-una-vez-si-elige-accionista-nomino-opcional","status":"publish","type":"product","link":"https:\/\/atlas-pma.com\/es\/shop-2\/corporations-es\/delaware-declaracion-de-fideicomiso-tarifa-unica-seleccione-solo-una-vez-si-elige-accionista-nomino-opcional\/","title":{"rendered":"Delaware Declaraci\u00f3n de fideicomiso (tarifa \u00fanica: seleccione solo una vez si elige accionista n\u00f3mino) (opcional)"},"content":{"rendered":"","protected":false},"excerpt":{"rendered":"","protected":false},"featured_media":7048,"template":"","meta":{"_mi_skip_tracking":false,"_monsterinsights_sitenote_active":false,"_monsterinsights_sitenote_note":"","_monsterinsights_sitenote_category":0},"product_cat":[153],"product_tag":[],"class_list":["post-7045","product","type-product","status-publish","has-post-thumbnail","hentry","product_cat-corporations-es"],"aioseo_notices":[],"_links":{"self":[{"href":"https:\/\/atlas-pma.com\/es\/wp-json\/wp\/v2\/product\/7045","targetHints":{"allow":["GET"]}}],"collection":[{"href":"https:\/\/atlas-pma.com\/es\/wp-json\/wp\/v2\/product"}],"about":[{"href":"https:\/\/atlas-pma.com\/es\/wp-json\/wp\/v2\/types\/product"}],"wp:featuredmedia":[{"embeddable":true,"href":"https:\/\/atlas-pma.com\/es\/wp-json\/wp\/v2\/media\/7048"}],"wp:attachment":[{"href":"https:\/\/atlas-pma.com\/es\/wp-json\/wp\/v2\/media?parent=7045"}],"wp:term":[{"taxonomy":"product_cat","embeddable":true,"href":"https:\/\/atlas-pma.com\/es\/wp-json\/wp\/v2\/product_cat?post=7045"},{"taxonomy":"product_tag","embeddable":true,"href":"https:\/\/atlas-pma.com\/es\/wp-json\/wp\/v2\/product_tag?post=7045"}],"curies":[{"name":"wp","href":"https:\/\/api.w.org\/{rel}","templated":true}]}}