{"id":6459,"date":"2022-11-14T08:14:13","date_gmt":"2022-11-14T08:14:13","guid":{"rendered":"https:\/\/atlas-pma.com\/product\/panama-foundation-formation\/"},"modified":"2024-03-19T15:41:14","modified_gmt":"2024-03-19T15:41:14","slug":"formacion-de-fundacion-en-panama-seleccionada-por-defecto","status":"publish","type":"product","link":"https:\/\/atlas-pma.com\/es\/shop-2\/foundations-es\/formacion-de-fundacion-en-panama-seleccionada-por-defecto\/","title":{"rendered":"Formaci\u00f3n de Fundaci\u00f3n en Panam\u00e1 (Seleccionada por defecto)"},"content":{"rendered":"","protected":false},"excerpt":{"rendered":"","protected":false},"featured_media":6461,"template":"","meta":{"_mi_skip_tracking":false,"_monsterinsights_sitenote_active":false,"_monsterinsights_sitenote_note":"","_monsterinsights_sitenote_category":0},"product_cat":[154],"product_tag":[],"class_list":["post-6459","product","type-product","status-publish","has-post-thumbnail","hentry","product_cat-foundations-es"],"aioseo_notices":[],"_links":{"self":[{"href":"https:\/\/atlas-pma.com\/es\/wp-json\/wp\/v2\/product\/6459","targetHints":{"allow":["GET"]}}],"collection":[{"href":"https:\/\/atlas-pma.com\/es\/wp-json\/wp\/v2\/product"}],"about":[{"href":"https:\/\/atlas-pma.com\/es\/wp-json\/wp\/v2\/types\/product"}],"wp:featuredmedia":[{"embeddable":true,"href":"https:\/\/atlas-pma.com\/es\/wp-json\/wp\/v2\/media\/6461"}],"wp:attachment":[{"href":"https:\/\/atlas-pma.com\/es\/wp-json\/wp\/v2\/media?parent=6459"}],"wp:term":[{"taxonomy":"product_cat","embeddable":true,"href":"https:\/\/atlas-pma.com\/es\/wp-json\/wp\/v2\/product_cat?post=6459"},{"taxonomy":"product_tag","embeddable":true,"href":"https:\/\/atlas-pma.com\/es\/wp-json\/wp\/v2\/product_tag?post=6459"}],"curies":[{"name":"wp","href":"https:\/\/api.w.org\/{rel}","templated":true}]}}